{"id":9,"date":"2022-10-22T18:50:13","date_gmt":"2022-10-22T18:50:13","guid":{"rendered":"https:\/\/forgeat.fr\/blog\/?page_id=9"},"modified":"2022-11-16T16:56:38","modified_gmt":"2022-11-16T16:56:38","slug":"accueil","status":"publish","type":"page","link":"https:\/\/forgeat.fr\/blog\/accueil\/","title":{"rendered":"site en test."},"content":{"rendered":"\n<p>Bonsoir, seconde tentative de construire un blog en autoh\u00e9bergement, le premier ayant disparu suite \u00e0 l&rsquo;instabilit\u00e9 de la ligne ADSL. (ligne fibr\u00e9e actuellement)<\/p>\n","protected":false},"excerpt":{"rendered":"<p>Bonsoir, seconde tentative de construire un blog en autoh\u00e9bergement, le premier ayant disparu suite \u00e0 l&rsquo;instabilit\u00e9 de la ligne ADSL. (ligne fibr\u00e9e actuellement)<\/p>\n","protected":false},"author":1,"featured_media":0,"parent":0,"menu_order":0,"comment_status":"closed","ping_status":"closed","template":"","meta":{"footnotes":""},"class_list":["post-9","page","type-page","status-publish","hentry"],"_links":{"self":[{"href":"https:\/\/forgeat.fr\/blog\/wp-json\/wp\/v2\/pages\/9","targetHints":{"allow":["GET"]}}],"collection":[{"href":"https:\/\/forgeat.fr\/blog\/wp-json\/wp\/v2\/pages"}],"about":[{"href":"https:\/\/forgeat.fr\/blog\/wp-json\/wp\/v2\/types\/page"}],"author":[{"embeddable":true,"href":"https:\/\/forgeat.fr\/blog\/wp-json\/wp\/v2\/users\/1"}],"replies":[{"embeddable":true,"href":"https:\/\/forgeat.fr\/blog\/wp-json\/wp\/v2\/comments?post=9"}],"version-history":[{"count":3,"href":"https:\/\/forgeat.fr\/blog\/wp-json\/wp\/v2\/pages\/9\/revisions"}],"predecessor-version":[{"id":109,"href":"https:\/\/forgeat.fr\/blog\/wp-json\/wp\/v2\/pages\/9\/revisions\/109"}],"wp:attachment":[{"href":"https:\/\/forgeat.fr\/blog\/wp-json\/wp\/v2\/media?parent=9"}],"curies":[{"name":"wp","href":"https:\/\/api.w.org\/{rel}","templated":true}]}}